{"id":15807,"date":"2024-10-23T11:52:17","date_gmt":"2024-10-23T11:52:17","guid":{"rendered":"https:\/\/www.regeneva.ch\/v2\/?page_id=15807"},"modified":"2026-04-11T15:58:48","modified_gmt":"2026-04-11T15:58:48","slug":"dr-thierry-dauvillaire","status":"publish","type":"page","link":"https:\/\/www.regeneva.ch\/v2\/dr-thierry-dauvillaire\/","title":{"rendered":"Dr Thierry Dauvillaire"},"content":{"rendered":"\t\t<div data-elementor-type=\"wp-page\" data-elementor-id=\"15807\" class=\"elementor elementor-15807\" data-elementor-post-type=\"page\">\n\t\t\t\t\t\t<section class=\"elementor-section elementor-top-section elementor-element elementor-element-484299a qodef-elementor-content-grid elementor-section-boxed elementor-section-height-default elementor-section-height-default\" data-id=\"484299a\" data-element_type=\"section\" data-e-type=\"section\">\n\t\t\t\t\t\t<div class=\"elementor-container elementor-column-gap-default\">\n\t\t\t\t\t<div class=\"elementor-column elementor-col-50 elementor-top-column elementor-element elementor-element-f611617\" data-id=\"f611617\" data-element_type=\"column\" data-e-type=\"column\">\n\t\t\t<div class=\"elementor-widget-wrap elementor-element-populated\">\n\t\t\t\t\t\t<div class=\"elementor-element elementor-element-00da3fb elementor-widget elementor-widget-image\" data-id=\"00da3fb\" data-element_type=\"widget\" data-e-type=\"widget\" data-widget_type=\"image.default\">\n\t\t\t\t<div class=\"elementor-widget-container\">\n\t\t\t\t\t\t\t\t\t\t\t\t\t\t\t<img fetchpriority=\"high\" decoding=\"async\" width=\"502\" height=\"502\" src=\"https:\/\/www.regeneva.ch\/v2\/wp-content\/uploads\/2024\/08\/Dr.-Dauvillaire-appuye-sur-le-fauteil.jpg.jpg\" class=\"attachment-full size-full wp-image-15274\" alt=\"Dauvillaire\" srcset=\"https:\/\/www.regeneva.ch\/v2\/wp-content\/uploads\/2024\/08\/Dr.-Dauvillaire-appuye-sur-le-fauteil.jpg.jpg 502w, https:\/\/www.regeneva.ch\/v2\/wp-content\/uploads\/2024\/08\/Dr.-Dauvillaire-appuye-sur-le-fauteil.jpg-300x300.jpg 300w, https:\/\/www.regeneva.ch\/v2\/wp-content\/uploads\/2024\/08\/Dr.-Dauvillaire-appuye-sur-le-fauteil.jpg-150x150.jpg 150w\" sizes=\"(max-width: 502px) 100vw, 502px\" \/>\t\t\t\t\t\t\t\t\t\t\t\t\t\t\t<\/div>\n\t\t\t\t<\/div>\n\t\t\t\t<div class=\"elementor-element elementor-element-785b8e3 elementor-widget elementor-widget-touchup_core_section_title\" data-id=\"785b8e3\" data-element_type=\"widget\" data-e-type=\"widget\" data-widget_type=\"touchup_core_section_title.default\">\n\t\t\t\t<div class=\"elementor-widget-container\">\n\t\t\t\t\t<div class=\"qodef-shortcode qodef-m  qodef-section-title qodef-alignment--left  \">\n\t\t<h3 class=\"qodef-m-title\" >\n\t\t\t\t\tDr Thierry Dauvillaire\t\t\t<\/h3>\n\t<\/div>\t\t\t\t<\/div>\n\t\t\t\t<\/div>\n\t\t\t\t<div class=\"elementor-element elementor-element-945cf20 elementor-widget elementor-widget-touchup_core_custom_font\" data-id=\"945cf20\" data-element_type=\"widget\" data-e-type=\"widget\" data-widget_type=\"touchup_core_custom_font.default\">\n\t\t\t\t<div class=\"elementor-widget-container\">\n\t\t\t\t\t<p class=\"qodef-shortcode qodef-m  qodef-custom-font qodef-custom-font-128 qodef-layout--simple\" style=\"font-family: roboto;font-size: 12px;line-height: 20px;letter-spacing: 3px;font-weight: 400\">M\u00c9DECIN ESTH\u00c9TIQUE EXPERT<br>FONDATEUR DE LA CLINIQUE REGENEVA<\/p>\t\t\t\t<\/div>\n\t\t\t\t<\/div>\n\t\t\t\t<div class=\"elementor-element elementor-element-6307d4e elementor-widget elementor-widget-touchup_core_custom_font\" data-id=\"6307d4e\" data-element_type=\"widget\" data-e-type=\"widget\" data-widget_type=\"touchup_core_custom_font.default\">\n\t\t\t\t<div class=\"elementor-widget-container\">\n\t\t\t\t\t<p class=\"qodef-shortcode qodef-m  qodef-custom-font qodef-custom-font-5084 qodef-layout--simple\" style=\"font-family: roboto;font-size: 12px;letter-spacing: 3px;font-weight: 400;font-style: italic\">La justesse du diagnostic pr\u00e9c\u00e8de toujours le geste.<\/p>\t\t\t\t<\/div>\n\t\t\t\t<\/div>\n\t\t\t\t<div class=\"elementor-element elementor-element-a5ee80f elementor-widget-divider--view-line elementor-widget elementor-widget-divider\" data-id=\"a5ee80f\" data-element_type=\"widget\" data-e-type=\"widget\" data-widget_type=\"divider.default\">\n\t\t\t\t<div class=\"elementor-widget-container\">\n\t\t\t\t\t\t\t<div class=\"elementor-divider\">\n\t\t\t<span class=\"elementor-divider-separator\">\n\t\t\t\t\t\t<\/span>\n\t\t<\/div>\n\t\t\t\t\t\t<\/div>\n\t\t\t\t<\/div>\n\t\t\t\t\t<\/div>\n\t\t<\/div>\n\t\t\t\t<div class=\"elementor-column elementor-col-50 elementor-top-column elementor-element elementor-element-28ba900\" data-id=\"28ba900\" data-element_type=\"column\" data-e-type=\"column\">\n\t\t\t<div class=\"elementor-widget-wrap elementor-element-populated\">\n\t\t\t\t\t\t<div class=\"elementor-element elementor-element-f00f8f2 elementor-widget elementor-widget-text-editor\" data-id=\"f00f8f2\" data-element_type=\"widget\" data-e-type=\"widget\" data-widget_type=\"text-editor.default\">\n\t\t\t\t<div class=\"elementor-widget-container\">\n\t\t\t\t\t\t\t\t\t<p>Fort de plus de 20 ans d\u2019exp\u00e9rience en m\u00e9decine esth\u00e9tique, le Dr Thierry Dauvillaire a progressivement impos\u00e9 une approche singuli\u00e8re fond\u00e9e sur la pr\u00e9cision, l\u2019exigence et le respect du visage.<\/p><p>\u00a0<\/p><p>En 2018, il fonde ReGeneva, un centre d\u00e9di\u00e9 \u00e0 une m\u00e9decine esth\u00e9tique moderne, o\u00f9 chaque traitement s\u2019inscrit dans une vision globale de la beaut\u00e9.<\/p><p>\u00a0<\/p><p>Dipl\u00f4m\u00e9 en m\u00e9decine morpho-esth\u00e9tique et anti-\u00e2ge, m\u00e9soth\u00e9rapie et lasers m\u00e9dicaux, il poss\u00e8de \u00e9galement une formation approfondie en anatomie morphologique appliqu\u00e9e aux tissus superficiels.<\/p><p>\u00a0<\/p><p>Le Dr Dauvillaire participe r\u00e9guli\u00e8rement \u00e0 des congr\u00e8s internationaux et intervient en tant que m\u00e9decin formateur en Suisse romande, notamment aupr\u00e8s des laboratoires Galderma.<\/p><p>\u00a0<\/p><p><span style=\"color: #993366;\"><strong>Son m\u00e9tier ne consiste pas \u00e0 corriger une ride.<\/strong><\/span><\/p><p>\u00a0<\/p><p>Il s\u2019agit de comprendre un visage,<\/p><p>d\u2019en respecter les \u00e9quilibres<\/p><p>et d\u2019intervenir avec justesse.<\/p><p>\u00a0<\/p><p>Chaque traitement est pens\u00e9 dans une logique globale, visant un r\u00e9sultat naturel, harmonieux et durable.<\/p><p>\u00a0<\/p><p>Ceux qui le connaissent \u00e9voquent son \u00e9coute, sa pr\u00e9cision et une certaine exigence, parfois teint\u00e9e d\u2019humour. Ce qui le d\u00e9finit avant tout reste cette remise en question permanente, qui le pousse \u00e0 affiner sans cesse sa pratique.<\/p><p>\u00a0<\/p><p>Lorsqu\u2019il ne recherche pas l\u2019excellence au sein de ReGeneva, il la poursuit sur un tatami, \u00e0 travers la pratique du karat\u00e9 kyokushinkai.<\/p>\t\t\t\t\t\t\t\t<\/div>\n\t\t\t\t<\/div>\n\t\t\t\t<div class=\"elementor-element elementor-element-d663de5 elementor-widget-divider--view-line elementor-widget elementor-widget-divider\" data-id=\"d663de5\" data-element_type=\"widget\" data-e-type=\"widget\" data-widget_type=\"divider.default\">\n\t\t\t\t<div class=\"elementor-widget-container\">\n\t\t\t\t\t\t\t<div class=\"elementor-divider\">\n\t\t\t<span class=\"elementor-divider-separator\">\n\t\t\t\t\t\t<\/span>\n\t\t<\/div>\n\t\t\t\t\t\t<\/div>\n\t\t\t\t<\/div>\n\t\t\t\t<section class=\"elementor-section elementor-inner-section elementor-element elementor-element-783c608 elementor-section-boxed elementor-section-height-default elementor-section-height-default qodef-elementor-content-no\" data-id=\"783c608\" data-element_type=\"section\" data-e-type=\"section\">\n\t\t\t\t\t\t<div class=\"elementor-container elementor-column-gap-default\">\n\t\t\t\t\t<div class=\"elementor-column elementor-col-100 elementor-inner-column elementor-element elementor-element-150a00f\" data-id=\"150a00f\" data-element_type=\"column\" data-e-type=\"column\">\n\t\t\t<div class=\"elementor-widget-wrap elementor-element-populated\">\n\t\t\t\t\t\t<div class=\"elementor-element elementor-element-50c2616 elementor-widget elementor-widget-heading\" data-id=\"50c2616\" data-element_type=\"widget\" data-e-type=\"widget\" data-widget_type=\"heading.default\">\n\t\t\t\t<div class=\"elementor-widget-container\">\n\t\t\t\t\t<h4 class=\"elementor-heading-title elementor-size-default\"><br>Sp\u00e9cialit\u00e9s<\/h4>\t\t\t\t<\/div>\n\t\t\t\t<\/div>\n\t\t\t\t<div class=\"elementor-element elementor-element-1ff0a34 elementor-widget elementor-widget-text-editor\" data-id=\"1ff0a34\" data-element_type=\"widget\" data-e-type=\"widget\" data-widget_type=\"text-editor.default\">\n\t\t\t\t<div class=\"elementor-widget-container\">\n\t\t\t\t\t\t\t\t\t<p class=\"p1\">M\u00e9decine esth\u00e9tique<\/p><p class=\"p1\">Approche globale du visage par injections d\u2019acide hyaluronique<\/p>\t\t\t\t\t\t\t\t<\/div>\n\t\t\t\t<\/div>\n\t\t\t\t\t<\/div>\n\t\t<\/div>\n\t\t\t\t\t<\/div>\n\t\t<\/section>\n\t\t\t\t<div class=\"elementor-element elementor-element-6d608e5 elementor-widget-divider--view-line elementor-widget elementor-widget-divider\" data-id=\"6d608e5\" data-element_type=\"widget\" data-e-type=\"widget\" data-widget_type=\"divider.default\">\n\t\t\t\t<div class=\"elementor-widget-container\">\n\t\t\t\t\t\t\t<div class=\"elementor-divider\">\n\t\t\t<span class=\"elementor-divider-separator\">\n\t\t\t\t\t\t<\/span>\n\t\t<\/div>\n\t\t\t\t\t\t<\/div>\n\t\t\t\t<\/div>\n\t\t\t\t<section class=\"elementor-section elementor-inner-section elementor-element elementor-element-a1bc1f8 elementor-section-boxed elementor-section-height-default elementor-section-height-default qodef-elementor-content-no\" data-id=\"a1bc1f8\" data-element_type=\"section\" data-e-type=\"section\">\n\t\t\t\t\t\t<div class=\"elementor-container elementor-column-gap-default\">\n\t\t\t\t\t<div class=\"elementor-column elementor-col-100 elementor-inner-column elementor-element elementor-element-8508b07\" data-id=\"8508b07\" data-element_type=\"column\" data-e-type=\"column\">\n\t\t\t<div class=\"elementor-widget-wrap elementor-element-populated\">\n\t\t\t\t\t\t<div class=\"elementor-element elementor-element-fcbc461 elementor-widget elementor-widget-heading\" data-id=\"fcbc461\" data-element_type=\"widget\" data-e-type=\"widget\" data-widget_type=\"heading.default\">\n\t\t\t\t<div class=\"elementor-widget-container\">\n\t\t\t\t\t<h4 class=\"elementor-heading-title elementor-size-default\">Formation<\/h4>\t\t\t\t<\/div>\n\t\t\t\t<\/div>\n\t\t\t\t<div class=\"elementor-element elementor-element-7b04023 elementor-widget elementor-widget-text-editor\" data-id=\"7b04023\" data-element_type=\"widget\" data-e-type=\"widget\" data-widget_type=\"text-editor.default\">\n\t\t\t\t<div class=\"elementor-widget-container\">\n\t\t\t\t\t\t\t\t\t<div class=\"qodef-e-additional-info-value\"><p class=\"qodef-e-education\">Dipl\u00f4me inter-universitaire de M\u00e9decine morpho-esth\u00e9tique et anti-\u00e2ge <br \/>Dipl\u00f4me inter-universitaire de M\u00e9soth\u00e9rapie <br \/>Dipl\u00f4me inter-universitaire de Lasers m\u00e9dicaux <br \/>Dipl\u00f4me universitaire d\u2019anatomie morphologique appliqu\u00e9e des tissus superficiels<\/p><\/div>\t\t\t\t\t\t\t\t<\/div>\n\t\t\t\t<\/div>\n\t\t\t\t\t<\/div>\n\t\t<\/div>\n\t\t\t\t\t<\/div>\n\t\t<\/section>\n\t\t\t\t<div class=\"elementor-element elementor-element-74d1d1d elementor-widget-divider--view-line elementor-widget elementor-widget-divider\" data-id=\"74d1d1d\" data-element_type=\"widget\" data-e-type=\"widget\" data-widget_type=\"divider.default\">\n\t\t\t\t<div class=\"elementor-widget-container\">\n\t\t\t\t\t\t\t<div class=\"elementor-divider\">\n\t\t\t<span class=\"elementor-divider-separator\">\n\t\t\t\t\t\t<\/span>\n\t\t<\/div>\n\t\t\t\t\t\t<\/div>\n\t\t\t\t<\/div>\n\t\t\t\t<section class=\"elementor-section elementor-inner-section elementor-element elementor-element-adfd139 elementor-section-boxed elementor-section-height-default elementor-section-height-default qodef-elementor-content-no\" data-id=\"adfd139\" data-element_type=\"section\" data-e-type=\"section\">\n\t\t\t\t\t\t<div class=\"elementor-container elementor-column-gap-default\">\n\t\t\t\t\t<div class=\"elementor-column elementor-col-100 elementor-inner-column elementor-element elementor-element-6b95a6f\" data-id=\"6b95a6f\" data-element_type=\"column\" data-e-type=\"column\">\n\t\t\t<div class=\"elementor-widget-wrap elementor-element-populated\">\n\t\t\t\t\t\t<div class=\"elementor-element elementor-element-ca24b44 elementor-widget elementor-widget-heading\" data-id=\"ca24b44\" data-element_type=\"widget\" data-e-type=\"widget\" data-widget_type=\"heading.default\">\n\t\t\t\t<div class=\"elementor-widget-container\">\n\t\t\t\t\t<h4 class=\"elementor-heading-title elementor-size-default\">Reconnaissance &amp; Activit\u00e9s<\/h4>\t\t\t\t<\/div>\n\t\t\t\t<\/div>\n\t\t\t\t<div class=\"elementor-element elementor-element-fa0c867 elementor-widget elementor-widget-text-editor\" data-id=\"fa0c867\" data-element_type=\"widget\" data-e-type=\"widget\" data-widget_type=\"text-editor.default\">\n\t\t\t\t<div class=\"elementor-widget-container\">\n\t\t\t\t\t\t\t\t\t<p>Le Dr Dauvillaire intervient en tant que m\u00e9decin formateur en techniques d\u2019injection en Suisse romande.<\/p><p>Il collabore \u00e9galement avec les laboratoires Galderma, leader international des produits injectables, en qualit\u00e9 de consultant et formateur.<\/p><p>Il participe r\u00e9guli\u00e8rement aux principaux congr\u00e8s internationaux de m\u00e9decine esth\u00e9tique, notamment l\u2019AMWC \u00e0 Monaco et l\u2019IMCAS \u00e0 Paris, o\u00f9 il s\u00e9lectionne avec exigence les innovations r\u00e9ellement pertinentes.<\/p>\t\t\t\t\t\t\t\t<\/div>\n\t\t\t\t<\/div>\n\t\t\t\t\t<\/div>\n\t\t<\/div>\n\t\t\t\t\t<\/div>\n\t\t<\/section>\n\t\t\t\t\t<\/div>\n\t\t<\/div>\n\t\t\t\t\t<\/div>\n\t\t<\/section>\n\t\t\t\t<\/div>\n\t\t","protected":false},"excerpt":{"rendered":"<p>Dr Thierry Dauvillaire M\u00c9DECIN ESTH\u00c9TIQUE EXPERTFONDATEUR DE LA CLINIQUE REGENEVA La justesse du diagnostic pr\u00e9c\u00e8de toujours le geste. Fort de plus de 20 ans d\u2019exp\u00e9rience en m\u00e9decine esth\u00e9tique, le Dr Thierry Dauvillaire a progressivement impos\u00e9 une approche singuli\u00e8re fond\u00e9e sur la pr\u00e9cision, l\u2019exigence et le respect du visage. \u00a0 En 2018, il fonde ReGeneva, un [&hellip;]<\/p>\n","protected":false},"author":1,"featured_media":0,"parent":0,"menu_order":0,"comment_status":"closed","ping_status":"closed","template":"page-full-width.php","meta":{"footnotes":""},"class_list":["post-15807","page","type-page","status-publish","hentry"],"yoast_head":"<!-- This site is optimized with the Yoast SEO plugin v27.3 - https:\/\/yoast.com\/product\/yoast-seo-wordpress\/ -->\n<title>Dr Thierry Dauvillaire - ReGeneva<\/title>\n<meta name=\"robots\" content=\"noindex, follow, max-snippet:-1, max-image-preview:large, max-video-preview:-1\" \/>\n<meta property=\"og:locale\" content=\"en_US\" \/>\n<meta property=\"og:type\" content=\"article\" \/>\n<meta property=\"og:title\" content=\"Dr Thierry Dauvillaire - ReGeneva\" \/>\n<meta property=\"og:description\" content=\"Dr Thierry Dauvillaire M\u00c9DECIN ESTH\u00c9TIQUE EXPERTFONDATEUR DE LA CLINIQUE REGENEVA La justesse du diagnostic pr\u00e9c\u00e8de toujours le geste. Fort de plus de 20 ans d\u2019exp\u00e9rience en m\u00e9decine esth\u00e9tique, le Dr Thierry Dauvillaire a progressivement impos\u00e9 une approche singuli\u00e8re fond\u00e9e sur la pr\u00e9cision, l\u2019exigence et le respect du visage. \u00a0 En 2018, il fonde ReGeneva, un [&hellip;]\" \/>\n<meta property=\"og:url\" content=\"https:\/\/www.regeneva.ch\/v2\/dr-thierry-dauvillaire\/\" \/>\n<meta property=\"og:site_name\" content=\"ReGeneva\" \/>\n<meta property=\"article:modified_time\" content=\"2026-04-11T15:58:48+00:00\" \/>\n<meta property=\"og:image\" content=\"https:\/\/www.regeneva.ch\/v2\/wp-content\/uploads\/2024\/08\/Dr.-Dauvillaire-appuye-sur-le-fauteil.jpg.jpg\" \/>\n\t<meta property=\"og:image:width\" content=\"502\" \/>\n\t<meta property=\"og:image:height\" content=\"502\" \/>\n\t<meta property=\"og:image:type\" content=\"image\/jpeg\" \/>\n<meta name=\"twitter:card\" content=\"summary_large_image\" \/>\n<meta name=\"twitter:label1\" content=\"Est. reading time\" \/>\n\t<meta name=\"twitter:data1\" content=\"2 minutes\" \/>\n<script type=\"application\/ld+json\" class=\"yoast-schema-graph\">{\"@context\":\"https:\\\/\\\/schema.org\",\"@graph\":[{\"@type\":\"WebPage\",\"@id\":\"https:\\\/\\\/www.regeneva.ch\\\/v2\\\/dr-thierry-dauvillaire\\\/\",\"url\":\"https:\\\/\\\/www.regeneva.ch\\\/v2\\\/dr-thierry-dauvillaire\\\/\",\"name\":\"Dr Thierry Dauvillaire - ReGeneva\",\"isPartOf\":{\"@id\":\"https:\\\/\\\/www.regeneva.ch\\\/v2\\\/#website\"},\"primaryImageOfPage\":{\"@id\":\"https:\\\/\\\/www.regeneva.ch\\\/v2\\\/dr-thierry-dauvillaire\\\/#primaryimage\"},\"image\":{\"@id\":\"https:\\\/\\\/www.regeneva.ch\\\/v2\\\/dr-thierry-dauvillaire\\\/#primaryimage\"},\"thumbnailUrl\":\"https:\\\/\\\/www.regeneva.ch\\\/v2\\\/wp-content\\\/uploads\\\/2024\\\/08\\\/Dr.-Dauvillaire-appuye-sur-le-fauteil.jpg.jpg\",\"datePublished\":\"2024-10-23T11:52:17+00:00\",\"dateModified\":\"2026-04-11T15:58:48+00:00\",\"breadcrumb\":{\"@id\":\"https:\\\/\\\/www.regeneva.ch\\\/v2\\\/dr-thierry-dauvillaire\\\/#breadcrumb\"},\"inLanguage\":\"en-US\",\"potentialAction\":[{\"@type\":\"ReadAction\",\"target\":[\"https:\\\/\\\/www.regeneva.ch\\\/v2\\\/dr-thierry-dauvillaire\\\/\"]}]},{\"@type\":\"ImageObject\",\"inLanguage\":\"en-US\",\"@id\":\"https:\\\/\\\/www.regeneva.ch\\\/v2\\\/dr-thierry-dauvillaire\\\/#primaryimage\",\"url\":\"https:\\\/\\\/www.regeneva.ch\\\/v2\\\/wp-content\\\/uploads\\\/2024\\\/08\\\/Dr.-Dauvillaire-appuye-sur-le-fauteil.jpg.jpg\",\"contentUrl\":\"https:\\\/\\\/www.regeneva.ch\\\/v2\\\/wp-content\\\/uploads\\\/2024\\\/08\\\/Dr.-Dauvillaire-appuye-sur-le-fauteil.jpg.jpg\",\"width\":502,\"height\":502,\"caption\":\"Dauvillaire\"},{\"@type\":\"BreadcrumbList\",\"@id\":\"https:\\\/\\\/www.regeneva.ch\\\/v2\\\/dr-thierry-dauvillaire\\\/#breadcrumb\",\"itemListElement\":[{\"@type\":\"ListItem\",\"position\":1,\"name\":\"Home\",\"item\":\"https:\\\/\\\/www.regeneva.ch\\\/v2\\\/\"},{\"@type\":\"ListItem\",\"position\":2,\"name\":\"Dr Thierry Dauvillaire\"}]},{\"@type\":\"WebSite\",\"@id\":\"https:\\\/\\\/www.regeneva.ch\\\/v2\\\/#website\",\"url\":\"https:\\\/\\\/www.regeneva.ch\\\/v2\\\/\",\"name\":\"ReGeneva\",\"description\":\"\",\"potentialAction\":[{\"@type\":\"SearchAction\",\"target\":{\"@type\":\"EntryPoint\",\"urlTemplate\":\"https:\\\/\\\/www.regeneva.ch\\\/v2\\\/?s={search_term_string}\"},\"query-input\":{\"@type\":\"PropertyValueSpecification\",\"valueRequired\":true,\"valueName\":\"search_term_string\"}}],\"inLanguage\":\"en-US\"}]}<\/script>\n<!-- \/ Yoast SEO plugin. -->","yoast_head_json":{"title":"Dr Thierry Dauvillaire - ReGeneva","robots":{"index":"noindex","follow":"follow","max-snippet":"max-snippet:-1","max-image-preview":"max-image-preview:large","max-video-preview":"max-video-preview:-1"},"og_locale":"en_US","og_type":"article","og_title":"Dr Thierry Dauvillaire - ReGeneva","og_description":"Dr Thierry Dauvillaire M\u00c9DECIN ESTH\u00c9TIQUE EXPERTFONDATEUR DE LA CLINIQUE REGENEVA La justesse du diagnostic pr\u00e9c\u00e8de toujours le geste. Fort de plus de 20 ans d\u2019exp\u00e9rience en m\u00e9decine esth\u00e9tique, le Dr Thierry Dauvillaire a progressivement impos\u00e9 une approche singuli\u00e8re fond\u00e9e sur la pr\u00e9cision, l\u2019exigence et le respect du visage. \u00a0 En 2018, il fonde ReGeneva, un [&hellip;]","og_url":"https:\/\/www.regeneva.ch\/v2\/dr-thierry-dauvillaire\/","og_site_name":"ReGeneva","article_modified_time":"2026-04-11T15:58:48+00:00","og_image":[{"width":502,"height":502,"url":"https:\/\/www.regeneva.ch\/v2\/wp-content\/uploads\/2024\/08\/Dr.-Dauvillaire-appuye-sur-le-fauteil.jpg.jpg","type":"image\/jpeg"}],"twitter_card":"summary_large_image","twitter_misc":{"Est. reading time":"2 minutes"},"schema":{"@context":"https:\/\/schema.org","@graph":[{"@type":"WebPage","@id":"https:\/\/www.regeneva.ch\/v2\/dr-thierry-dauvillaire\/","url":"https:\/\/www.regeneva.ch\/v2\/dr-thierry-dauvillaire\/","name":"Dr Thierry Dauvillaire - ReGeneva","isPartOf":{"@id":"https:\/\/www.regeneva.ch\/v2\/#website"},"primaryImageOfPage":{"@id":"https:\/\/www.regeneva.ch\/v2\/dr-thierry-dauvillaire\/#primaryimage"},"image":{"@id":"https:\/\/www.regeneva.ch\/v2\/dr-thierry-dauvillaire\/#primaryimage"},"thumbnailUrl":"https:\/\/www.regeneva.ch\/v2\/wp-content\/uploads\/2024\/08\/Dr.-Dauvillaire-appuye-sur-le-fauteil.jpg.jpg","datePublished":"2024-10-23T11:52:17+00:00","dateModified":"2026-04-11T15:58:48+00:00","breadcrumb":{"@id":"https:\/\/www.regeneva.ch\/v2\/dr-thierry-dauvillaire\/#breadcrumb"},"inLanguage":"en-US","potentialAction":[{"@type":"ReadAction","target":["https:\/\/www.regeneva.ch\/v2\/dr-thierry-dauvillaire\/"]}]},{"@type":"ImageObject","inLanguage":"en-US","@id":"https:\/\/www.regeneva.ch\/v2\/dr-thierry-dauvillaire\/#primaryimage","url":"https:\/\/www.regeneva.ch\/v2\/wp-content\/uploads\/2024\/08\/Dr.-Dauvillaire-appuye-sur-le-fauteil.jpg.jpg","contentUrl":"https:\/\/www.regeneva.ch\/v2\/wp-content\/uploads\/2024\/08\/Dr.-Dauvillaire-appuye-sur-le-fauteil.jpg.jpg","width":502,"height":502,"caption":"Dauvillaire"},{"@type":"BreadcrumbList","@id":"https:\/\/www.regeneva.ch\/v2\/dr-thierry-dauvillaire\/#breadcrumb","itemListElement":[{"@type":"ListItem","position":1,"name":"Home","item":"https:\/\/www.regeneva.ch\/v2\/"},{"@type":"ListItem","position":2,"name":"Dr Thierry Dauvillaire"}]},{"@type":"WebSite","@id":"https:\/\/www.regeneva.ch\/v2\/#website","url":"https:\/\/www.regeneva.ch\/v2\/","name":"ReGeneva","description":"","potentialAction":[{"@type":"SearchAction","target":{"@type":"EntryPoint","urlTemplate":"https:\/\/www.regeneva.ch\/v2\/?s={search_term_string}"},"query-input":{"@type":"PropertyValueSpecification","valueRequired":true,"valueName":"search_term_string"}}],"inLanguage":"en-US"}]}},"_links":{"self":[{"href":"https:\/\/www.regeneva.ch\/v2\/wp-json\/wp\/v2\/pages\/15807","targetHints":{"allow":["GET"]}}],"collection":[{"href":"https:\/\/www.regeneva.ch\/v2\/wp-json\/wp\/v2\/pages"}],"about":[{"href":"https:\/\/www.regeneva.ch\/v2\/wp-json\/wp\/v2\/types\/page"}],"author":[{"embeddable":true,"href":"https:\/\/www.regeneva.ch\/v2\/wp-json\/wp\/v2\/users\/1"}],"replies":[{"embeddable":true,"href":"https:\/\/www.regeneva.ch\/v2\/wp-json\/wp\/v2\/comments?post=15807"}],"version-history":[{"count":103,"href":"https:\/\/www.regeneva.ch\/v2\/wp-json\/wp\/v2\/pages\/15807\/revisions"}],"predecessor-version":[{"id":29663,"href":"https:\/\/www.regeneva.ch\/v2\/wp-json\/wp\/v2\/pages\/15807\/revisions\/29663"}],"wp:attachment":[{"href":"https:\/\/www.regeneva.ch\/v2\/wp-json\/wp\/v2\/media?parent=15807"}],"curies":[{"name":"wp","href":"https:\/\/api.w.org\/{rel}","templated":true}]}}